{"id":21,"date":"2020-04-18T05:57:02","date_gmt":"2020-04-18T05:57:02","guid":{"rendered":"https:\/\/www.anemesis.org\/?page_id=21"},"modified":"2025-08-17T16:36:41","modified_gmt":"2025-08-17T16:36:41","slug":"nemesis","status":"publish","type":"page","link":"https:\/\/www.anemesis.org\/index.php\/nemesis\/","title":{"rendered":"N\u00e9mesis"},"content":{"rendered":"\n<div class=\"wp-block-themeisle-blocks-advanced-columns has-2-columns has-desktop-twoOne-layout has-tablet-equal-layout has-mobile-collapsedRows-layout has-default-gap has-vertical-unset\" id=\"wp-block-themeisle-blocks-advanced-columns-65d1c522\"><div class=\"wp-block-themeisle-blocks-advanced-columns-overlay\"><\/div><div class=\"innerblocks-wrap\">\n<div class=\"wp-block-themeisle-blocks-advanced-column\" id=\"wp-block-themeisle-blocks-advanced-column-07f4056c\">\n<p><strong>N\u00e9mesis<\/strong> es el nombre de la \u00abAsociaci\u00f3n para la investigaci\u00f3n y defensa del patrimonio cultural contra el expolio y el tr\u00e1fico il\u00edcito\u00bb. Fundada en Espa\u00f1a, en noviembre de 2017, tiene como objetivos principales investigar, promover, impulsar y difundir aspectos relacionados con la gesti\u00f3n del patrimonio cultural.<\/p>\n<p>Nuestra asociaci\u00f3n est\u00e1 formada por un peque\u00f1o grupo de profesionales, pertenecientes a diferentes instituciones, que tienen como inter\u00e9s com\u00fan el trabajo en el entorno de la gesti\u00f3n del patrimonio arqueol\u00f3gico y, en especial, la preocuaci\u00f3n por su expolio.<\/p>\n<p>Por ello, y debido a las dificultades que entra\u00f1aba sacar adelante un grupo de trabajo efectivo por otras v\u00edas, decidimos asociarnos para contar con un marco com\u00fan desde el que sacar adelante iniciativas y proyectos que, de otro modo, ser\u00eda dif\u00edcil llevar a buen puerto.<\/p>\n<p>El objetivo principal es la investigaci\u00f3n sobre el expolio del patrimonio arqueol\u00f3gico, su tr\u00e1fico il\u00edcito y su gesti\u00f3n en l\u00edneas generales. Sin embargo, no queremos descuidar la vertiente p\u00fablica de este trabajo difundiendo, a trav\u00e9s de los resultados, la importancia de una buena gesti\u00f3n y del cuidado de nuestro patrimonio, y fomentando buenas pr\u00e1cticas en los \u00e1mbitos m\u00e1s cercanos. Igualmente, consciente de que no estamos solos en este camino, queremos promover otras iniciativas y fomentar una red de trabajo amplia que ayude a fortalecer un frente com\u00fan en este \u00e1mbito.<\/p>\n<p>Puedes seguirnos en nuestras redes sociales: <a href=\"https:\/\/www.instagram.com\/_anemesis\/\" target=\"_blank\" rel=\"noreferrer noopener\">Instagram<\/a> para estar al d\u00eda de las \u00faltimas novedades.<\/p>\n<\/div>\n<div class=\"wp-block-themeisle-blocks-advanced-column\" id=\"wp-block-themeisle-blocks-advanced-column-6b271715\">\n<figure class=\"wp-block-image size-large\"><img loading=\"lazy\" decoding=\"async\" width=\"350\" height=\"350\" src=\"https:\/\/www.anemesis.org\/wp-content\/uploads\/2020\/04\/Logo4.png\" alt=\"\" class=\"wp-image-6\" srcset=\"https:\/\/www.anemesis.org\/wp-content\/uploads\/2020\/04\/Logo4.png 350w, https:\/\/www.anemesis.org\/wp-content\/uploads\/2020\/04\/Logo4-300x300.png 300w, https:\/\/www.anemesis.org\/wp-content\/uploads\/2020\/04\/Logo4-150x150.png 150w\" sizes=\"auto, (max-width: 350px) 100vw, 350px\" \/><\/figure>\n<\/div>\n<\/div><\/div>\n","protected":false},"excerpt":{"rendered":"<p>N\u00e9mesis es el nombre de la \u00abAsociaci\u00f3n para la investigaci\u00f3n y defensa del patrimonio cultural contra el expolio y el tr\u00e1fico il\u00edcito\u00bb. Fundada en Espa\u00f1a, en noviembre de 2017, tiene como objetivos principales investigar, promover, impulsar y difundir aspectos relacionados con la gesti\u00f3n del patrimonio cultural. Nuestra asociaci\u00f3n est\u00e1 formada por un peque\u00f1o grupo de&hellip;&nbsp;<a href=\"https:\/\/www.anemesis.org\/index.php\/nemesis\/\" rel=\"bookmark\">Leer m\u00e1s &raquo;<span class=\"screen-reader-text\">N\u00e9mesis<\/span><\/a><\/p>\n","protected":false},"author":1,"featured_media":0,"parent":0,"menu_order":0,"comment_status":"closed","ping_status":"closed","template":"","meta":{"neve_meta_sidebar":"full-width","neve_meta_container":"","neve_meta_enable_content_width":"on","neve_meta_content_width":100,"neve_meta_title_alignment":"","neve_meta_author_avatar":"","neve_post_elements_order":"","neve_meta_disable_header":"","neve_meta_disable_footer":"","neve_meta_disable_title":"","footnotes":""},"class_list":["post-21","page","type-page","status-publish","hentry"],"_links":{"self":[{"href":"https:\/\/www.anemesis.org\/index.php\/wp-json\/wp\/v2\/pages\/21","targetHints":{"allow":["GET"]}}],"collection":[{"href":"https:\/\/www.anemesis.org\/index.php\/wp-json\/wp\/v2\/pages"}],"about":[{"href":"https:\/\/www.anemesis.org\/index.php\/wp-json\/wp\/v2\/types\/page"}],"author":[{"embeddable":true,"href":"https:\/\/www.anemesis.org\/index.php\/wp-json\/wp\/v2\/users\/1"}],"replies":[{"embeddable":true,"href":"https:\/\/www.anemesis.org\/index.php\/wp-json\/wp\/v2\/comments?post=21"}],"version-history":[{"count":2,"href":"https:\/\/www.anemesis.org\/index.php\/wp-json\/wp\/v2\/pages\/21\/revisions"}],"predecessor-version":[{"id":58,"href":"https:\/\/www.anemesis.org\/index.php\/wp-json\/wp\/v2\/pages\/21\/revisions\/58"}],"wp:attachment":[{"href":"https:\/\/www.anemesis.org\/index.php\/wp-json\/wp\/v2\/media?parent=21"}],"curies":[{"name":"wp","href":"https:\/\/api.w.org\/{rel}","templated":true}]}}